{"id":99,"date":"2022-10-05T08:46:51","date_gmt":"2022-10-05T08:46:51","guid":{"rendered":"https:\/\/fabops.net\/amso\/?page_id=99"},"modified":"2026-03-08T07:40:45","modified_gmt":"2026-03-08T07:40:45","slug":"buy-tickets-and-support-us","status":"publish","type":"page","link":"http:\/\/amso-orkest.com\/nl\/buy-tickets-and-support-us\/","title":{"rendered":"Steun ons"},"content":{"rendered":"<div class=\"wp-block-group is-vertical is-content-justification-stretch is-layout-flex wp-container-core-group-is-layout-353c4f5a wp-block-group-is-layout-flex\">\n<h2 class=\"wp-embed-aspect-16-9 wp-has-aspect-ratio wp-block-heading\">Koop kaartjes<\/h2>\n\n\n\n<h3 class=\"wp-embed-aspect-16-9 wp-has-aspect-ratio wp-block-heading\"><a href=\"https:\/\/www.ticketkantoor.nl\/shop\/oVEatBcmjm\" target=\"_blank\" rel=\"noreferrer noopener\">Broek in Waterland: klik hier om kaarten te kopen voor 16 mei 2026<\/a><\/h3>\n\n\n\n<h3 class=\"wp-embed-aspect-16-9 wp-has-aspect-ratio wp-block-heading\"><a href=\"https:\/\/www.ticketkantoor.nl\/shop\/PAvPSOoKmN\" type=\"link\" id=\"https:\/\/www.ticketkantoor.nl\/shop\/PAvPSOoKmN\" target=\"_blank\" rel=\"noreferrer noopener\">Amstelveen: klik hier om kaarten te kopen voor 17 mei 2026<\/a><\/h3>\n\n\n\n<p class=\"\"><\/p>\n\n\n\n<h2 class=\"wp-embed-aspect-16-9 wp-has-aspect-ratio wp-block-heading\">Stichting Vrienden van het Amstelveens Symfonie Orkest<\/h2>\n\n\n\n<p class=\"wp-embed-aspect-16-9 wp-has-aspect-ratio translation-block\">Wil je ook de muzikale activiteiten van het AmSO steunen?  Word dan vriend van het orkest.  We hebben je nodig. Met jouw steun kunnen we de kwaliteit van ons orkest verhogen.<\/p>\n\n\n\n<p class=\"wp-embed-aspect-16-9 wp-has-aspect-ratio translation-block\">Vanaf \u20ac30 per jaar (\u20ac25 voor 65+ en CJP) krijg je twee tickets, \u00e9\u00e9n voor het voorjaarsconcert en \u00e9\u00e9n voor het najaarsconcert.  Je ontvangt hiervoor tijdig een uitnodiging.  De Vrienden-Nieuwsbrief is via deze website te lezen (knop NIEUWSBRIEF hierboven.)<\/p>\n\n\n\n<p class=\"wp-embed-aspect-16-9 wp-has-aspect-ratio\">Een hoger ondersteuningsbedrag wordt natuurlijk altijd op prijs gesteld.<\/p>\n\n\n\n<p class=\"wp-embed-aspect-16-9 wp-has-aspect-ratio\">Wil je donateur worden of wil je meer informatie over de Stichting, neem dan contact op via mail: &nbsp;<\/p>\n\n\n\n<p class=\"wp-embed-aspect-16-9 wp-has-aspect-ratio\">&nbsp; &nbsp;<a href=\"mailto:amso.vrienden@gmail.com?subject=bericht%20van%20de%20website\">amso.vrienden@gmail.com<\/a><\/p>\n\n\n\n<p class=\"wp-embed-aspect-16-9 wp-has-aspect-ratio\">rekeningnummer:  NL07 INGB 00038 266 41<\/p>\n\n\n\n<p class=\"\"><\/p>\n\n\n\n<p class=\"wp-embed-aspect-16-9 wp-has-aspect-ratio\">DANK U WEL<br><\/p>\n\n\n\n<div class=\"wp-block-columns is-layout-flex wp-container-core-columns-is-layout-28f84493 wp-block-columns-is-layout-flex\">\n<div class=\"wp-block-column is-layout-flow wp-block-column-is-layout-flow\" style=\"flex-basis:100%\">\n<figure class=\"wp-block-gallery has-nested-images columns-default is-cropped wp-block-gallery-1 is-layout-flex wp-block-gallery-is-layout-flex\">\n<figure class=\"wp-block-image size-large\"><img data-recalc-dims=\"1\" loading=\"lazy\" decoding=\"async\" width=\"1024\" height=\"683\" data-id=\"1358\" src=\"https:\/\/i0.wp.com\/amso-orkest.com\/wp-content\/uploads\/2025\/03\/481921396_670519078875286_5343076835379751825_n-1024x683.jpg?resize=1024%2C683&#038;ssl=1\" alt=\"\" class=\"wp-image-1358\" srcset=\"https:\/\/i0.wp.com\/amso-orkest.com\/wp-content\/uploads\/2025\/03\/481921396_670519078875286_5343076835379751825_n.jpg?resize=1024%2C683 1024w, https:\/\/i0.wp.com\/amso-orkest.com\/wp-content\/uploads\/2025\/03\/481921396_670519078875286_5343076835379751825_n.jpg?resize=300%2C200 300w, https:\/\/i0.wp.com\/amso-orkest.com\/wp-content\/uploads\/2025\/03\/481921396_670519078875286_5343076835379751825_n.jpg?resize=768%2C512 768w, https:\/\/i0.wp.com\/amso-orkest.com\/wp-content\/uploads\/2025\/03\/481921396_670519078875286_5343076835379751825_n.jpg?resize=1536%2C1024 1536w, https:\/\/i0.wp.com\/amso-orkest.com\/wp-content\/uploads\/2025\/03\/481921396_670519078875286_5343076835379751825_n.jpg?resize=18%2C12 18w, https:\/\/i0.wp.com\/amso-orkest.com\/wp-content\/uploads\/2025\/03\/481921396_670519078875286_5343076835379751825_n.jpg?w=2048 2048w\" sizes=\"auto, (max-width: 1000px) 100vw, 1000px\" \/><\/figure>\n<\/figure>\n<\/div>\n<\/div>\n<\/div>\n\n\n\n<p class=\"\"><\/p>","protected":false},"excerpt":{"rendered":"<p>Buy tickets Broek in Waterland: click to buy tickets for 16th May 2026 Amstelveen: click to buy tickets for 17th May 2026 Friends of AMSO Foundation Would you like to personally support the musical activities of the AmSO? &nbsp;You can help by becoming&nbsp;a&nbsp;friend of the orchestra. We need your support. &nbsp;With your help, we can [&hellip;]<\/p>\n","protected":false},"author":2,"featured_media":0,"parent":0,"menu_order":0,"comment_status":"closed","ping_status":"closed","template":"","meta":{"nf_dc_page":"","_eb_attr":"","inline_featured_image":false,"footnotes":""},"class_list":["post-99","page","type-page","status-publish","hentry"],"yoast_head":"<!-- This site is optimized with the Yoast SEO plugin v27.4 - https:\/\/yoast.com\/product\/yoast-seo-wordpress\/ -->\n<title>Support Us - AMSO<\/title>\n<meta name=\"robots\" content=\"index, follow, max-snippet:-1, max-image-preview:large, max-video-preview:-1\" \/>\n<link rel=\"canonical\" href=\"https:\/\/amso-orkest.com\/nl\/buy-tickets-and-support-us\/\" \/>\n<meta property=\"og:locale\" content=\"nl_NL\" \/>\n<meta property=\"og:type\" content=\"article\" \/>\n<meta property=\"og:title\" content=\"Support Us - AMSO\" \/>\n<meta property=\"og:description\" content=\"Buy tickets Broek in Waterland: click to buy tickets for 16th May 2026 Amstelveen: click to buy tickets for 17th May 2026 Friends of AMSO Foundation Would you like to personally support the musical activities of the AmSO? &nbsp;You can help by becoming&nbsp;a&nbsp;friend of the orchestra. We need your support. &nbsp;With your help, we can [&hellip;]\" \/>\n<meta property=\"og:url\" content=\"https:\/\/amso-orkest.com\/nl\/buy-tickets-and-support-us\/\" \/>\n<meta property=\"og:site_name\" content=\"AMSO\" \/>\n<meta property=\"article:modified_time\" content=\"2026-03-08T07:40:45+00:00\" \/>\n<meta property=\"og:image\" content=\"https:\/\/amso-orkest.com\/wp-content\/uploads\/2025\/03\/481921396_670519078875286_5343076835379751825_n-1024x683.jpg\" \/>\n<meta name=\"twitter:card\" content=\"summary_large_image\" \/>\n<meta name=\"twitter:label1\" content=\"Geschatte leestijd\" \/>\n\t<meta name=\"twitter:data1\" content=\"1 minuut\" \/>\n<script type=\"application\/ld+json\" class=\"yoast-schema-graph\">{\"@context\":\"https:\\\/\\\/schema.org\",\"@graph\":[{\"@type\":\"WebPage\",\"@id\":\"https:\\\/\\\/amso-orkest.com\\\/nl\\\/buy-tickets-and-support-us\\\/\",\"url\":\"https:\\\/\\\/amso-orkest.com\\\/nl\\\/buy-tickets-and-support-us\\\/\",\"name\":\"Support Us - AMSO\",\"isPartOf\":{\"@id\":\"http:\\\/\\\/amso-orkest.com\\\/nl\\\/#website\"},\"primaryImageOfPage\":{\"@id\":\"https:\\\/\\\/amso-orkest.com\\\/nl\\\/buy-tickets-and-support-us\\\/#primaryimage\"},\"image\":{\"@id\":\"https:\\\/\\\/amso-orkest.com\\\/nl\\\/buy-tickets-and-support-us\\\/#primaryimage\"},\"thumbnailUrl\":\"https:\\\/\\\/amso-orkest.com\\\/wp-content\\\/uploads\\\/2025\\\/03\\\/481921396_670519078875286_5343076835379751825_n-1024x683.jpg\",\"datePublished\":\"2022-10-05T08:46:51+00:00\",\"dateModified\":\"2026-03-08T07:40:45+00:00\",\"breadcrumb\":{\"@id\":\"https:\\\/\\\/amso-orkest.com\\\/nl\\\/buy-tickets-and-support-us\\\/#breadcrumb\"},\"inLanguage\":\"nl-NL\",\"potentialAction\":[{\"@type\":\"ReadAction\",\"target\":[\"https:\\\/\\\/amso-orkest.com\\\/nl\\\/buy-tickets-and-support-us\\\/\"]}]},{\"@type\":\"ImageObject\",\"inLanguage\":\"nl-NL\",\"@id\":\"https:\\\/\\\/amso-orkest.com\\\/nl\\\/buy-tickets-and-support-us\\\/#primaryimage\",\"url\":\"https:\\\/\\\/amso-orkest.com\\\/wp-content\\\/uploads\\\/2025\\\/03\\\/481921396_670519078875286_5343076835379751825_n-1024x683.jpg\",\"contentUrl\":\"https:\\\/\\\/amso-orkest.com\\\/wp-content\\\/uploads\\\/2025\\\/03\\\/481921396_670519078875286_5343076835379751825_n-1024x683.jpg\"},{\"@type\":\"BreadcrumbList\",\"@id\":\"https:\\\/\\\/amso-orkest.com\\\/nl\\\/buy-tickets-and-support-us\\\/#breadcrumb\",\"itemListElement\":[{\"@type\":\"ListItem\",\"position\":1,\"name\":\"Home\",\"item\":\"http:\\\/\\\/amso-orkest.com\\\/nl\\\/\"},{\"@type\":\"ListItem\",\"position\":2,\"name\":\"Support Us\"}]},{\"@type\":\"WebSite\",\"@id\":\"http:\\\/\\\/amso-orkest.com\\\/nl\\\/#website\",\"url\":\"http:\\\/\\\/amso-orkest.com\\\/nl\\\/\",\"name\":\"AMSO\",\"description\":\"Amstelveen Symfonie Orkest\",\"publisher\":{\"@id\":\"http:\\\/\\\/amso-orkest.com\\\/nl\\\/#organization\"},\"potentialAction\":[{\"@type\":\"SearchAction\",\"target\":{\"@type\":\"EntryPoint\",\"urlTemplate\":\"http:\\\/\\\/amso-orkest.com\\\/nl\\\/?s={search_term_string}\"},\"query-input\":{\"@type\":\"PropertyValueSpecification\",\"valueRequired\":true,\"valueName\":\"search_term_string\"}}],\"inLanguage\":\"nl-NL\"},{\"@type\":\"Organization\",\"@id\":\"http:\\\/\\\/amso-orkest.com\\\/nl\\\/#organization\",\"name\":\"AMSO\",\"url\":\"http:\\\/\\\/amso-orkest.com\\\/nl\\\/\",\"logo\":{\"@type\":\"ImageObject\",\"inLanguage\":\"nl-NL\",\"@id\":\"http:\\\/\\\/amso-orkest.com\\\/nl\\\/#\\\/schema\\\/logo\\\/image\\\/\",\"url\":\"https:\\\/\\\/i0.wp.com\\\/amso-orkest.com\\\/wp-content\\\/uploads\\\/2026\\\/03\\\/50-jaar-jublieum.jpeg?fit=1172%2C1191\",\"contentUrl\":\"https:\\\/\\\/i0.wp.com\\\/amso-orkest.com\\\/wp-content\\\/uploads\\\/2026\\\/03\\\/50-jaar-jublieum.jpeg?fit=1172%2C1191\",\"width\":1172,\"height\":1191,\"caption\":\"AMSO\"},\"image\":{\"@id\":\"http:\\\/\\\/amso-orkest.com\\\/nl\\\/#\\\/schema\\\/logo\\\/image\\\/\"}}]}<\/script>\n<!-- \/ Yoast SEO plugin. -->","yoast_head_json":{"title":"Support Us - AMSO","robots":{"index":"index","follow":"follow","max-snippet":"max-snippet:-1","max-image-preview":"max-image-preview:large","max-video-preview":"max-video-preview:-1"},"canonical":"https:\/\/amso-orkest.com\/nl\/buy-tickets-and-support-us\/","og_locale":"nl_NL","og_type":"article","og_title":"Support Us - AMSO","og_description":"Buy tickets Broek in Waterland: click to buy tickets for 16th May 2026 Amstelveen: click to buy tickets for 17th May 2026 Friends of AMSO Foundation Would you like to personally support the musical activities of the AmSO? &nbsp;You can help by becoming&nbsp;a&nbsp;friend of the orchestra. We need your support. &nbsp;With your help, we can [&hellip;]","og_url":"https:\/\/amso-orkest.com\/nl\/buy-tickets-and-support-us\/","og_site_name":"AMSO","article_modified_time":"2026-03-08T07:40:45+00:00","og_image":[{"url":"https:\/\/amso-orkest.com\/wp-content\/uploads\/2025\/03\/481921396_670519078875286_5343076835379751825_n-1024x683.jpg","type":"","width":"","height":""}],"twitter_card":"summary_large_image","twitter_misc":{"Geschatte leestijd":"1 minuut"},"schema":{"@context":"https:\/\/schema.org","@graph":[{"@type":"WebPage","@id":"https:\/\/amso-orkest.com\/nl\/buy-tickets-and-support-us\/","url":"https:\/\/amso-orkest.com\/nl\/buy-tickets-and-support-us\/","name":"Support Us - AMSO","isPartOf":{"@id":"http:\/\/amso-orkest.com\/nl\/#website"},"primaryImageOfPage":{"@id":"https:\/\/amso-orkest.com\/nl\/buy-tickets-and-support-us\/#primaryimage"},"image":{"@id":"https:\/\/amso-orkest.com\/nl\/buy-tickets-and-support-us\/#primaryimage"},"thumbnailUrl":"https:\/\/amso-orkest.com\/wp-content\/uploads\/2025\/03\/481921396_670519078875286_5343076835379751825_n-1024x683.jpg","datePublished":"2022-10-05T08:46:51+00:00","dateModified":"2026-03-08T07:40:45+00:00","breadcrumb":{"@id":"https:\/\/amso-orkest.com\/nl\/buy-tickets-and-support-us\/#breadcrumb"},"inLanguage":"nl-NL","potentialAction":[{"@type":"ReadAction","target":["https:\/\/amso-orkest.com\/nl\/buy-tickets-and-support-us\/"]}]},{"@type":"ImageObject","inLanguage":"nl-NL","@id":"https:\/\/amso-orkest.com\/nl\/buy-tickets-and-support-us\/#primaryimage","url":"https:\/\/amso-orkest.com\/wp-content\/uploads\/2025\/03\/481921396_670519078875286_5343076835379751825_n-1024x683.jpg","contentUrl":"https:\/\/amso-orkest.com\/wp-content\/uploads\/2025\/03\/481921396_670519078875286_5343076835379751825_n-1024x683.jpg"},{"@type":"BreadcrumbList","@id":"https:\/\/amso-orkest.com\/nl\/buy-tickets-and-support-us\/#breadcrumb","itemListElement":[{"@type":"ListItem","position":1,"name":"Home","item":"http:\/\/amso-orkest.com\/nl\/"},{"@type":"ListItem","position":2,"name":"Support Us"}]},{"@type":"WebSite","@id":"http:\/\/amso-orkest.com\/nl\/#website","url":"http:\/\/amso-orkest.com\/nl\/","name":"AMSO","description":"Amstelveen Symfonie Orkest","publisher":{"@id":"http:\/\/amso-orkest.com\/nl\/#organization"},"potentialAction":[{"@type":"SearchAction","target":{"@type":"EntryPoint","urlTemplate":"http:\/\/amso-orkest.com\/nl\/?s={search_term_string}"},"query-input":{"@type":"PropertyValueSpecification","valueRequired":true,"valueName":"search_term_string"}}],"inLanguage":"nl-NL"},{"@type":"Organization","@id":"http:\/\/amso-orkest.com\/nl\/#organization","name":"AMSO","url":"http:\/\/amso-orkest.com\/nl\/","logo":{"@type":"ImageObject","inLanguage":"nl-NL","@id":"http:\/\/amso-orkest.com\/nl\/#\/schema\/logo\/image\/","url":"https:\/\/i0.wp.com\/amso-orkest.com\/wp-content\/uploads\/2026\/03\/50-jaar-jublieum.jpeg?fit=1172%2C1191","contentUrl":"https:\/\/i0.wp.com\/amso-orkest.com\/wp-content\/uploads\/2026\/03\/50-jaar-jublieum.jpeg?fit=1172%2C1191","width":1172,"height":1191,"caption":"AMSO"},"image":{"@id":"http:\/\/amso-orkest.com\/nl\/#\/schema\/logo\/image\/"}}]}},"jetpack_sharing_enabled":true,"_links":{"self":[{"href":"http:\/\/amso-orkest.com\/nl\/wp-json\/wp\/v2\/pages\/99","targetHints":{"allow":["GET"]}}],"collection":[{"href":"http:\/\/amso-orkest.com\/nl\/wp-json\/wp\/v2\/pages"}],"about":[{"href":"http:\/\/amso-orkest.com\/nl\/wp-json\/wp\/v2\/types\/page"}],"author":[{"embeddable":true,"href":"http:\/\/amso-orkest.com\/nl\/wp-json\/wp\/v2\/users\/2"}],"replies":[{"embeddable":true,"href":"http:\/\/amso-orkest.com\/nl\/wp-json\/wp\/v2\/comments?post=99"}],"version-history":[{"count":5,"href":"http:\/\/amso-orkest.com\/nl\/wp-json\/wp\/v2\/pages\/99\/revisions"}],"predecessor-version":[{"id":1763,"href":"http:\/\/amso-orkest.com\/nl\/wp-json\/wp\/v2\/pages\/99\/revisions\/1763"}],"wp:attachment":[{"href":"http:\/\/amso-orkest.com\/nl\/wp-json\/wp\/v2\/media?parent=99"}],"curies":[{"name":"wp","href":"https:\/\/api.w.org\/{rel}","templated":true}]}}